{"id":340,"date":"2024-03-08T08:03:48","date_gmt":"2024-03-08T08:03:48","guid":{"rendered":"https:\/\/casarurallacaldera.com\/?page_id=340"},"modified":"2024-03-08T08:07:36","modified_gmt":"2024-03-08T08:07:36","slug":"politicas-de-cookies-ue","status":"publish","type":"page","link":"https:\/\/casarurallacaldera.com\/en\/politicas-de-cookies-ue\/","title":{"rendered":"Pol\u00edticas de cookies UE"},"content":{"rendered":"<p>[et_pb_section fb_built=\u00bb1&#8243; _builder_version=\u00bb4.24.2&#8243; _module_preset=\u00bbdefault\u00bb global_colors_info=\u00bb{}\u00bb][et_pb_row _builder_version=\u00bb4.24.2&#8243; _module_preset=\u00bbdefault\u00bb global_colors_info=\u00bb{}\u00bb][et_pb_column type=\u00bb4_4&#8243; _builder_version=\u00bb4.24.2&#8243; _module_preset=\u00bbdefault\u00bb global_colors_info=\u00bb{}\u00bb][et_pb_text _builder_version=\u00bb4.24.2&#8243; _module_preset=\u00bbdefault\u00bb global_colors_info=\u00bb{}\u00bb]<\/p>\n<h1 data-sourcepos=\"1:1-1:22\">Pol\u00edtica de Cookies<\/h1>\n<p data-sourcepos=\"3:1-3:207\"><strong>Casa Rural La Caldera<\/strong> utiliza cookies en su sitio web <a class=\"traceable-link\" target=\"_blank\" rel=\"noopener noreferrer\" href=\"https:\/\/casarurallacaldera.com\/en\/\">https:\/\/casarurallacaldera.com\/<\/a> para mejorar la experiencia del usuario y ofrecerle un servicio m\u00e1s personalizado.<\/p>\n<p data-sourcepos=\"5:1-5:31\"><strong><span class=\"citation-0\">\u00bfQu\u00e9 son las cookies?<\/span><\/strong><\/p>\n<p data-sourcepos=\"7:1-7:423\"><span class=\"citation-0 citation-end-0\">Las cookies son peque\u00f1os archivos de texto que se almacenan en su dispositivo cuando visita un sitio<\/span> web. Las cookies permiten al sitio web recordar sus preferencias y acciones durante un per\u00edodo de tiempo, como su idioma preferido, el tama\u00f1o de letra o las p\u00e1ginas que ha visitado. Esto significa que no tiene que volver a configurar sus preferencias cada vez que visite el sitio web o navegue de una p\u00e1gina a otra.<\/p>\n<p data-sourcepos=\"9:1-9:36\"><strong>\u00bfQu\u00e9 tipo de cookies utilizamos?<\/strong><\/p>\n<p data-sourcepos=\"11:1-11:60\">Utilizamos diferentes tipos de cookies en nuestro sitio web:<\/p>\n<ul data-sourcepos=\"13:1-16:0\">\n<li data-sourcepos=\"13:1-13:144\"><strong>Cookies t\u00e9cnicas:<\/strong><span>\u00a0<\/span>Estas cookies son esenciales para el funcionamiento del sitio web y le permiten navegar por \u00e9l y utilizar sus funciones.<\/li>\n<li data-sourcepos=\"14:1-14:260\"><strong>Cookies de an\u00e1lisis:<\/strong><span>\u00a0<\/span>Estas cookies recopilan informaci\u00f3n sobre c\u00f3mo utiliza el sitio web, como las p\u00e1ginas que visita y el tiempo que pasa en cada p\u00e1gina. Utilizamos esta informaci\u00f3n para mejorar el sitio web y ofrecerle una mejor experiencia de usuario.<\/li>\n<li data-sourcepos=\"15:1-16:0\"><strong>Cookies de marketing:<\/strong><span>\u00a0<\/span>Estas cookies se utilizan para mostrarle anuncios relevantes en otros sitios web.<\/li>\n<\/ul>\n<p data-sourcepos=\"17:1-17:38\"><strong>\u00bfC\u00f3mo puedo gestionar las cookies?<\/strong><\/p>\n<p data-sourcepos=\"19:1-19:284\">Usted puede controlar qu\u00e9 cookies se almacenan en su dispositivo. Puede configurar su navegador para que rechace todas las cookies o para que le avise antes de que una cookie se almacene en su dispositivo. Tambi\u00e9n puede eliminar las cookies que ya est\u00e1n almacenadas en su dispositivo.<\/p>\n<p data-sourcepos=\"21:1-21:95\"><strong>Para m\u00e1s informaci\u00f3n sobre c\u00f3mo gestionar las cookies, consulte la siguiente documentaci\u00f3n:<\/strong><\/p>\n<ul data-sourcepos=\"23:1-27:0\">\n<ul data-sourcepos=\"23:1-27:0\">\n<li data-sourcepos=\"23:1-23:49\"><strong>Google Chrome: [se quit\u00f3 una URL no v\u00e1lida]<\/strong><\/li>\n<li data-sourcepos=\"24:1-24:51\"><strong>Mozilla Firefox: [se quit\u00f3 una URL no v\u00e1lida]<\/strong><\/li>\n<li data-sourcepos=\"25:1-25:236\"><strong>Internet Explorer:<span>\u00a0<\/span><a class=\"traceable-link\" target=\"_blank\" rel=\"noopener noreferrer\" href=\"https:\/\/gemini.google.com\/%3C2%3Ehttps:\/\/support.microsoft.com\/es-es\/help\/17442\/windows-internet-explorer-delete-manage-cookies\"><span class=\"citation-1\">https:\/\/support.microsoft.com\/es-es\/help\/17442\/windows-internet-explorer-delete-manage-cookies<\/span><\/a><\/strong><span class=\"citation-1 citation-end-1\"><\/span><\/li>\n<li data-sourcepos=\"26:1-27:0\"><strong>Safari:<span>\u00a0<\/span><a class=\"traceable-link\" target=\"_blank\" rel=\"noopener noreferrer\" href=\"https:\/\/support.apple.com\/es-es\/HT201265\">https:\/\/support.apple.com\/es-es\/HT201265<\/a><\/strong><span class=\"citation-2\"><\/span><\/li>\n<\/ul>\n<\/ul>\n<p data-sourcepos=\"28:1-28:18\"><strong><span class=\"citation-2\">Consentimiento<\/span><\/strong><\/p>\n<p data-sourcepos=\"30:1-30:113\"><span class=\"citation-2\">Al utilizar nuestro sitio web, usted acepta que podemos utilizar cookies de acuerdo con esta Pol\u00edtica de Cookies.<\/span><\/p>\n<p data-sourcepos=\"32:1-32:37\"><strong><span class=\"citation-2\">Cambios en la Pol\u00edtica de Cookies<\/span><\/strong><\/p>\n<p data-sourcepos=\"34:1-34:202\"><span class=\"citation-2\">Nos reservamos el derecho de modificar esta Pol\u00edtica de Cookies en cualquier momento. Le notificaremos de cualquier cambio significativo en la Pol\u00edtica de Cookies mediante un aviso en nuestro sitio web.<\/span><\/p>\n<p data-sourcepos=\"36:1-36:12\"><strong><span class=\"citation-2\">Contact<\/span><\/strong><\/p>\n<p data-sourcepos=\"38:1-38:108\"><span class=\"citation-2\">Si tiene alguna pregunta sobre esta Pol\u00edtica de Cookies, puede ponerse en contacto con nosotros a trav\u00e9s de:<\/span><\/p>\n<ul data-sourcepos=\"40:1-41:32\">\n<ul data-sourcepos=\"40:1-41:32\">\n<li data-sourcepos=\"40:1-40:61\"><strong><span class=\"citation-2\">Correo electr\u00f3nico:<\/span><\/strong><span class=\"citation-2\"><span>\u00a0<\/span>mailto:casarurallacaldera@gmail.com<\/span><\/li>\n<\/ul>\n<\/ul>\n<ul data-sourcepos=\"40:1-41:32\">\n<li data-sourcepos=\"41:1-41:32\"><strong><span class=\"citation-2\">Tel\u00e9fono:<\/span><\/strong><span class=\"citation-2\"><span>\u00a0<\/span>+34 616 75 88 26<\/span><\/li>\n<\/ul>\n<p>[\/et_pb_text][\/et_pb_column][\/et_pb_row][\/et_pb_section]<\/p>","protected":false},"excerpt":{"rendered":"<p>Pol\u00edtica de Cookies Casa Rural La Caldera utiliza cookies en su sitio web https:\/\/casarurallacaldera.com\/ para mejorar la experiencia del usuario y ofrecerle un servicio m\u00e1s personalizado. \u00bfQu\u00e9 son las cookies? Las cookies son peque\u00f1os archivos de texto que se almacenan en su dispositivo cuando visita un sitio web. Las cookies permiten al sitio web recordar [&hellip;]<\/p>","protected":false},"author":3,"featured_media":0,"parent":0,"menu_order":0,"comment_status":"closed","ping_status":"closed","template":"","meta":{"_et_pb_use_builder":"on","_et_pb_old_content":"","_et_gb_content_width":"","footnotes":""},"class_list":["post-340","page","type-page","status-publish","hentry"],"_links":{"self":[{"href":"https:\/\/casarurallacaldera.com\/en\/wp-json\/wp\/v2\/pages\/340","targetHints":{"allow":["GET"]}}],"collection":[{"href":"https:\/\/casarurallacaldera.com\/en\/wp-json\/wp\/v2\/pages"}],"about":[{"href":"https:\/\/casarurallacaldera.com\/en\/wp-json\/wp\/v2\/types\/page"}],"author":[{"embeddable":true,"href":"https:\/\/casarurallacaldera.com\/en\/wp-json\/wp\/v2\/users\/3"}],"replies":[{"embeddable":true,"href":"https:\/\/casarurallacaldera.com\/en\/wp-json\/wp\/v2\/comments?post=340"}],"version-history":[{"count":4,"href":"https:\/\/casarurallacaldera.com\/en\/wp-json\/wp\/v2\/pages\/340\/revisions"}],"predecessor-version":[{"id":345,"href":"https:\/\/casarurallacaldera.com\/en\/wp-json\/wp\/v2\/pages\/340\/revisions\/345"}],"wp:attachment":[{"href":"https:\/\/casarurallacaldera.com\/en\/wp-json\/wp\/v2\/media?parent=340"}],"curies":[{"name":"wp","href":"https:\/\/api.w.org\/{rel}","templated":true}]}}