{"id":203,"date":"2024-02-26T05:11:18","date_gmt":"2024-02-26T05:11:18","guid":{"rendered":"https:\/\/casarurallacaldera.com\/?page_id=203"},"modified":"2025-01-23T16:33:51","modified_gmt":"2025-01-23T16:33:51","slug":"que-visitar","status":"publish","type":"page","link":"https:\/\/casarurallacaldera.com\/en\/que-visitar\/","title":{"rendered":"What to visit?"},"content":{"rendered":"<p>[et_pb_section fb_built=\u00bb1&#8243; admin_label=\u00bbFAQ\u00bb _builder_version=\u00bb4.24.2&#8243; _module_preset=\u00bbdefault\u00bb background_color=\u00bb#ebe4dd\u00bb collapsed=\u00bbon\u00bb global_colors_info=\u00bb{}\u00bb][et_pb_row _builder_version=\u00bb4.17.6&#8243; _module_preset=\u00bbdefault\u00bb global_colors_info=\u00bb{}\u00bb][et_pb_column type=\u00bb4_4&#8243; _builder_version=\u00bb4.17.6&#8243; _module_preset=\u00bbdefault\u00bb global_colors_info=\u00bb{}\u00bb][et_pb_text _builder_version=\u00bb4.24.2&#8243; _module_preset=\u00bbdefault\u00bb header_font=\u00bbLora|||on|||||\u00bb header_text_align=\u00bbcenter\u00bb header_text_color=\u00bb#6e6b67&#8243; text_font_size_tablet=\u00bb\u00bb text_font_size_phone=\u00bb\u00bb text_font_size_last_edited=\u00bbon|phone\u00bb header_font_size_tablet=\u00bb\u00bb header_font_size_phone=\u00bb25px\u00bb header_font_size_last_edited=\u00bbon|phone\u00bb locked=\u00bboff\u00bb global_colors_info=\u00bb{}\u00bb]<\/p>\n<h1>What to visit?<\/h1>\n<p>[\/et_pb_text][\/et_pb_column][\/et_pb_row][et_pb_row column_structure=\u00bb3_5,2_5&#8243; _builder_version=\u00bb4.24.2&#8243; _module_preset=\u00bbdefault\u00bb background_color=\u00bb#FFFFFF\u00bb custom_padding=\u00bb30px|30px|30px|30px|true|true\u00bb global_colors_info=\u00bb{}\u00bb][et_pb_column type=\u00bb3_5&#8243; _builder_version=\u00bb4.24.2&#8243; _module_preset=\u00bbdefault\u00bb global_colors_info=\u00bb{}\u00bb][et_pb_text _builder_version=\u00bb4.24.2&#8243; _module_preset=\u00bbdefault\u00bb text_font=\u00bbOpen Sans||||||||\u00bb text_font_size=\u00bb16px\u00bb header_2_text_color=\u00bb#6e6b67&#8243; text_orientation=\u00bbjustified\u00bb header_2_font_size_tablet=\u00bb\u00bb header_2_font_size_phone=\u00bb18px\u00bb header_2_font_size_last_edited=\u00bbon|phone\u00bb global_colors_info=\u00bb{}\u00bb]<\/p>\n<h2><span style=\"font-size: large;\"><strong>TEROR:<\/strong><\/span><\/h2>\n<p>One of the closest towns to La Casa is Teror, 19 minutes (9.4 km) away via GC-424 and GC-42.<\/p>\n<p><strong>What to Visit in Teror:<\/strong><\/p>\n<ul>\n<li><span>Historic center<\/span><\/li>\n<li>Hermitage Monasteries<\/li>\n<li>Osorio Estate<\/li>\n<li>Our Beautiful \u201cHoly Pine Cauldron\u201d<\/li>\n<li>Museums<\/li>\n<li class=\"translation-block\">Sunday Market, one of the oldest street markets on the island with two centuries of history. Where you can buy typical products of the area such as the typical chorizo \u200b\u200bfrom Teror, blood sausages and sweets and speaking of sweets we recommend the <strong><span>\u00a0<\/span>Dulcer\u00eda Ben\u00edtez,<\/strong><span>\u00a0<\/span>where you can find traditional sweets from Teror such as sweet potato trucha or petit four, cakes etc... it is located on C\/ Nueva 21, Teror.<span><\/span><\/li>\n<\/ul>\n<p class=\"translation-block\"><u>HOURS:<\/u><br>Closed on Mondays<br>Tuesday-Friday 9:00 -13:00, 16:00- 20:00<br>Saturdays 9:00-13:00, 16:00-19:30<br>Sundays 9:00-13:00<\/p>\n<p>For more information, contact the Teror Tourist Board.<\/p>\n<p>TLF: 928 61 38 08<br \/>turismo@teror.es<\/p>\n<p>[\/et_pb_text][\/et_pb_column][et_pb_column type=\u00bb2_5&#8243; _builder_version=\u00bb4.24.2&#8243; _module_preset=\u00bbdefault\u00bb global_colors_info=\u00bb{}\u00bb][et_pb_image src=\u00bbhttps:\/\/casarurallacaldera.com\/wp-content\/uploads\/2024\/02\/Dulceria_Benitez.jpg\u00bb title_text=\u00bbDulceria_Benitez\u00bb show_in_lightbox=\u00bbon\u00bb _builder_version=\u00bb4.24.2&#8243; _module_preset=\u00bbdefault\u00bb global_colors_info=\u00bb{}\u00bb][\/et_pb_image][\/et_pb_column][\/et_pb_row][et_pb_row column_structure=\u00bb3_5,2_5&#8243; _builder_version=\u00bb4.24.2&#8243; _module_preset=\u00bbdefault\u00bb background_color=\u00bb#FFFFFF\u00bb custom_margin=\u00bb50px||||false|false\u00bb custom_padding=\u00bb30px|30px|30px|30px|true|true\u00bb global_colors_info=\u00bb{}\u00bb][et_pb_column type=\u00bb3_5&#8243; _builder_version=\u00bb4.24.2&#8243; _module_preset=\u00bbdefault\u00bb global_colors_info=\u00bb{}\u00bb][et_pb_text _builder_version=\u00bb4.24.2&#8243; _module_preset=\u00bbdefault\u00bb text_font_size=\u00bb16px\u00bb header_2_text_color=\u00bb#6e6b67&#8243; text_orientation=\u00bbjustified\u00bb header_2_font_size_tablet=\u00bb\u00bb header_2_font_size_phone=\u00bb18px\u00bb header_2_font_size_last_edited=\u00bbon|phone\u00bb global_colors_info=\u00bb{}\u00bb]<\/p>\n<h2><span style=\"font-size: large;\"><strong>SANTA BR\u00cdGIDA:<\/strong><\/span><\/h2>\n<p>If we were going to the town of Santa Br\u00edgida it would take about 16 minutes (8.4 km) via GC-320.<\/p>\n<p><strong>What to visit in Santa Brigida:<\/strong><\/p>\n<ul>\n<li>Bandama Natural Monument.<\/li>\n<li>Ruta del Vino en el municipio de Santa Br\u00edgida.<\/li>\n<li>Cave of the Canaries.<\/li>\n<li>The \u201cEl Gale\u00f3n\u201d farm is located next to the town centre of Santa Br\u00edgida, behind the market. You can walk around the park for free and see livestock and exotic animals. It is located next to the town centre of Santa Br\u00edgida, about 16 km and 20 minutes from the centre of the capital, so accessibility is excellent.<\/li>\n<li>Santa Brigida Municipal Market.<\/li>\n<li>Cave of the Friars<\/li>\n<li>Alonso Ravine interpretive trail.<\/li>\n<li>Parish Church of Saint Bridget.<\/li>\n<\/ul>\n<ul><\/ul>\n<p class=\"translation-block\"><u>HOURS:<\/u><br>Friday 15:00-20:00<br>Saturday 7:00-20:00<br>Sunday 7:00-14:00<\/p>\n<p>For more information, contact Santa Br\u00edgida Tourist Board.<\/p>\n<p>TLF: +34928648181 Ext370 oficinaturismo@santabrigida.es<br \/>www.santabrigida.es<\/p>\n<p>[\/et_pb_text][\/et_pb_column][et_pb_column type=\u00bb2_5&#8243; _builder_version=\u00bb4.24.2&#8243; _module_preset=\u00bbdefault\u00bb global_colors_info=\u00bb{}\u00bb][et_pb_image src=\u00bbhttps:\/\/casarurallacaldera.com\/wp-content\/uploads\/2024\/02\/Santa_Brigida_Ruta_Vinos-555&#215;358-1.jpg\u00bb title_text=\u00bbSanta_Brigida_Ruta_Vinos-555&#215;358&#8243; show_in_lightbox=\u00bbon\u00bb _builder_version=\u00bb4.24.2&#8243; _module_preset=\u00bbdefault\u00bb sticky_position=\u00bbtop\u00bb sticky_offset_top=\u00bb50px\u00bb sticky_limit_bottom=\u00bbrow\u00bb global_colors_info=\u00bb{}\u00bb][\/et_pb_image][\/et_pb_column][\/et_pb_row][et_pb_row column_structure=\u00bb3_5,2_5&#8243; _builder_version=\u00bb4.24.2&#8243; _module_preset=\u00bbdefault\u00bb background_color=\u00bb#FFFFFF\u00bb custom_margin=\u00bb50px||||false|false\u00bb custom_padding=\u00bb30px|30px|30px|30px|true|true\u00bb global_colors_info=\u00bb{}\u00bb][et_pb_column type=\u00bb3_5&#8243; _builder_version=\u00bb4.24.2&#8243; _module_preset=\u00bbdefault\u00bb global_colors_info=\u00bb{}\u00bb][et_pb_text _builder_version=\u00bb4.24.2&#8243; _module_preset=\u00bbdefault\u00bb text_font_size=\u00bb16px\u00bb header_2_text_color=\u00bb#6e6b67&#8243; text_orientation=\u00bbjustified\u00bb header_2_font_size_tablet=\u00bb\u00bb header_2_font_size_phone=\u00bb18px\u00bb header_2_font_size_last_edited=\u00bbon|phone\u00bb global_colors_info=\u00bb{}\u00bb]<\/p>\n<h2><span style=\"font-size: large;\"><strong>SAN MATEO VEGA:<\/strong><\/span><\/h2>\n<p>If you choose the town of San Mateo, it will be 24 minutes (13.4 km) away on GC-15.<\/p>\n<p><strong>What to visit in San Mateo:<\/strong><\/p>\n<ul>\n<li>Old town of Vega de San Mateo.<\/li>\n<li>Natural Viewpoints such as:<\/li>\n<\/ul>\n<p class=\"translation-block\">The <strong>Mirador de la Cruz y El Monta\u00f1\u00f3n<\/strong> offers general views of the centre of San Mateo and the Municipality, as well as the areas surrounding the enclave, such as peaks or population centres in the central-northern area.<\/p>\n<p class=\"translation-block\">The <strong>Mirador de la Monta\u00f1a Cabreja<\/strong><span>\u00a0<\/span>shows us another panoramic view of the town of San Mateo and the important Guiniguada basin upon arrival in Las Palmas de Gran Canaria.<\/p>\n<p class=\"translation-block\">We would like to highlight the <span>\u00a0<\/span><strong>San Mateo Equestrian Centre<\/strong> as a leisure option.<\/p>\n<p>Located in the middle of the island of Gran Canaria, at the foot of the Mirador de Monta\u00f1a Cabreja, the SAN MATEO EQUESTRIAN CENTRE is an ideal place to enjoy horses, equestrian sports and nature. Our activities: Horse riding lessons, Horseback riding, Boarding (we take care of your horse), Educational activities for educational centers, Celebrations (birthdays, communions), Winter and summer campus, Horse-Assisted Interventions (Equestrian Therapies). We have a team of qualified professionals for each of the activities we offer, come and visit us Located on the island of Gran Canaria, at the foot of the Mirador de la Monta\u00f1a La Cabreja, CENTRO ECUESTRE SAN MATEO has the privilege of enjoying horseback riding and a natural space.<\/p>\n<p class=\"translation-block\"><strong>The Degollada Becerra Viewpoint<\/strong>, located in Tejeda on the border of the demarcation with the municipality of Vega de San Mateo. From there you can see the Tejeda basin and visit the Degollada Becerra Nature Interpretation Centre.<\/p>\n<p class=\"translation-block\"><strong>The Mirador de Los Pechos<\/strong>, in the highest area of \u200b\u200bthe island, allows us to see the two most notable slopes of Gran Canaria, the northern slope and the southern slope, and the neighboring island of Tenerife.<\/p>\n<p class=\"translation-block\">Accessing the Ar\u00ed\u00f1ez neighborhood, through the Galaz area, we can visit the beautiful <strong>El Talay\u00f3n Natural Viewpoint<\/strong> that offers us a view of the municipalities of Teror, Valleseco, Santa Br\u00edgida, Las Palmas de Gran Canaria and part of the northern coast of the island.<\/p>\n<ul>\n<li>Barranco la Mina<\/li>\n<li>Snow Well<\/li>\n<\/ul>\n<p>For more information, contact San Mateo Tourism Board.<\/p>\n<p class=\"translation-block\">Address: C\/ Dr. Ram\u00edrez Cabrera, n\u00ba 9<br>Phone: 928 66 13 54 Ext. 123<br>Hours: 10 a.m. to 2 p.m.<\/p>\n<p>[\/et_pb_text][\/et_pb_column][et_pb_column type=\u00bb2_5&#8243; _builder_version=\u00bb4.24.2&#8243; _module_preset=\u00bbdefault\u00bb global_colors_info=\u00bb{}\u00bb][et_pb_image src=\u00bbhttps:\/\/casarurallacaldera.com\/wp-content\/uploads\/2024\/02\/San_Mateo_Centro_Hipico-750&#215;381-1.jpg\u00bb title_text=\u00bbSan_Mateo_Centro_Hipico-750&#215;381&#8243; show_in_lightbox=\u00bbon\u00bb _builder_version=\u00bb4.24.2&#8243; _module_preset=\u00bbdefault\u00bb sticky_position=\u00bbtop\u00bb sticky_offset_top=\u00bb50px\u00bb sticky_limit_bottom=\u00bbrow\u00bb global_colors_info=\u00bb{}\u00bb][\/et_pb_image][\/et_pb_column][\/et_pb_row][et_pb_row column_structure=\u00bb3_5,2_5&#8243; _builder_version=\u00bb4.24.2&#8243; _module_preset=\u00bbdefault\u00bb background_color=\u00bb#FFFFFF\u00bb custom_margin=\u00bb50px||||false|false\u00bb custom_padding=\u00bb30px|30px|30px|30px|true|true\u00bb global_colors_info=\u00bb{}\u00bb][et_pb_column type=\u00bb3_5&#8243; _builder_version=\u00bb4.24.2&#8243; _module_preset=\u00bbdefault\u00bb global_colors_info=\u00bb{}\u00bb][et_pb_text _builder_version=\u00bb4.24.2&#8243; _module_preset=\u00bbdefault\u00bb text_font_size=\u00bb16px\u00bb header_2_text_color=\u00bb#6e6b67&#8243; text_orientation=\u00bbjustified\u00bb header_2_font_size_tablet=\u00bb\u00bb header_2_font_size_phone=\u00bb18px\u00bb header_2_font_size_last_edited=\u00bbon|phone\u00bb global_colors_info=\u00bb{}\u00bb]<\/p>\n<h2><span style=\"font-size: large;\"><strong>TEJEDA:<\/strong><\/span><\/h2>\n<p>A good option is to visit one of the most beautiful towns in Spain 38 minutes from the house, about 18.0 km along the GC-15.<\/p>\n<p><strong>What to visit in Tejeda:<\/strong><\/p>\n<ul>\n<li>Our Lady of Help Church.<\/li>\n<li>Recreational area of \u200b\u200bthe Pez plains.<\/li>\n<li>Abraham Cardenes Museum.<\/li>\n<li>Museum of medicinal plants.<\/li>\n<li>Tejeda Traditions Museum.<\/li>\n<li>Roque Bentayga.<\/li>\n<li>Roque Nublo.<\/li>\n<\/ul>\n<p>For more information, contact Tejeda Tourist Board.<\/p>\n<p class=\"translation-block\">TEL: 928 66 60 01<br>35360 Tejeda, Gran Canaria (Canary Islands)<br>turismo@tejeda.es<br>www.tejeda.es<\/p>\n<p>[\/et_pb_text][\/et_pb_column][et_pb_column type=\u00bb2_5&#8243; _builder_version=\u00bb4.24.2&#8243; _module_preset=\u00bbdefault\u00bb global_colors_info=\u00bb{}\u00bb][et_pb_image src=\u00bbhttps:\/\/casarurallacaldera.com\/wp-content\/uploads\/2024\/02\/Tejeda_Roque_Nublo.jpg\u00bb title_text=\u00bbTejeda_Roque_Nublo\u00bb show_in_lightbox=\u00bbon\u00bb force_fullwidth=\u00bbon\u00bb _builder_version=\u00bb4.24.2&#8243; _module_preset=\u00bbdefault\u00bb sticky_limit_bottom=\u00bbrow\u00bb global_colors_info=\u00bb{}\u00bb][\/et_pb_image][et_pb_image src=\u00bbhttps:\/\/casarurallacaldera.com\/wp-content\/uploads\/2024\/02\/Tejeda_Iglesia.jpg\u00bb title_text=\u00bbTejeda_Iglesia\u00bb show_in_lightbox=\u00bbon\u00bb force_fullwidth=\u00bbon\u00bb _builder_version=\u00bb4.24.2&#8243; _module_preset=\u00bbdefault\u00bb sticky_limit_bottom=\u00bbrow\u00bb global_colors_info=\u00bb{}\u00bb][\/et_pb_image][\/et_pb_column][\/et_pb_row][\/et_pb_section]<\/p>","protected":false},"excerpt":{"rendered":"<p>\u00bfQue visitar?TEROR: Uno de los pueblos m\u00e1s cercanos a La Casa es Teror\u00a0 a 19 min\u00a0(9,4 km) por\u00a0GC-424 y GC-42. Que Visitar en Teror: Centro hist\u00f3rico Monasterios de Ermitas Finca de Osorio Nuestra Preciosa \u201cCaldera de Pino Santo\u201d Museos Mercadillo Dominical, uno de los mercados ambulantes mas antiguos de la isla con dos siglos de [&hellip;]<\/p>","protected":false},"author":3,"featured_media":0,"parent":0,"menu_order":0,"comment_status":"closed","ping_status":"closed","template":"","meta":{"_et_pb_use_builder":"on","_et_pb_old_content":"","_et_gb_content_width":"","footnotes":""},"class_list":["post-203","page","type-page","status-publish","hentry"],"_links":{"self":[{"href":"https:\/\/casarurallacaldera.com\/en\/wp-json\/wp\/v2\/pages\/203","targetHints":{"allow":["GET"]}}],"collection":[{"href":"https:\/\/casarurallacaldera.com\/en\/wp-json\/wp\/v2\/pages"}],"about":[{"href":"https:\/\/casarurallacaldera.com\/en\/wp-json\/wp\/v2\/types\/page"}],"author":[{"embeddable":true,"href":"https:\/\/casarurallacaldera.com\/en\/wp-json\/wp\/v2\/users\/3"}],"replies":[{"embeddable":true,"href":"https:\/\/casarurallacaldera.com\/en\/wp-json\/wp\/v2\/comments?post=203"}],"version-history":[{"count":15,"href":"https:\/\/casarurallacaldera.com\/en\/wp-json\/wp\/v2\/pages\/203\/revisions"}],"predecessor-version":[{"id":761,"href":"https:\/\/casarurallacaldera.com\/en\/wp-json\/wp\/v2\/pages\/203\/revisions\/761"}],"wp:attachment":[{"href":"https:\/\/casarurallacaldera.com\/en\/wp-json\/wp\/v2\/media?parent=203"}],"curies":[{"name":"wp","href":"https:\/\/api.w.org\/{rel}","templated":true}]}}